{"id":49,"date":"2024-05-05T17:05:37","date_gmt":"2024-05-05T15:05:37","guid":{"rendered":"https:\/\/fc-allsky.fr\/?page_id=49"},"modified":"2025-10-07T20:24:39","modified_gmt":"2025-10-07T18:24:39","slug":"materiel","status":"publish","type":"page","link":"https:\/\/fc-allsky.fr\/index.php\/materiel\/","title":{"rendered":"Mat\u00e9riel actuel"},"content":{"rendered":"\n<p><\/p>\n\n\n\n<h2 class=\"wp-block-heading\">Tube Newton TS ONTC 200\/800 (F4) <\/h2>\n\n\n\n<ul class=\"wp-block-list\">\n<li>Tube carbone sandwich de 9mm d&rsquo;\u00e9paisseur. <\/li>\n\n\n\n<li>Barillet 9 points<\/li>\n\n\n\n<li>Miroir primaire r\u00e9glable sur 3 positions selon le correcteur (ASA, Paracorr, Nexus, GPU ou Maxfield)<\/li>\n\n\n\n<li>Le Porte Oculaires est un Baader Diamond SteelTrack \/ Bague Clicklock S58 afin de rendre les montages\/d\u00e9montages et la rotation de la cam\u00e9ra plus simples.<\/li>\n<\/ul>\n\n\n\n<figure class=\"wp-block-gallery has-nested-images columns-default is-cropped wp-block-gallery-1 is-layout-flex wp-block-gallery-is-layout-flex\">\n<figure data-wp-context=\"{&quot;imageId&quot;:&quot;69e1d2a06d7bc&quot;}\" data-wp-interactive=\"core\/image\" data-wp-key=\"69e1d2a06d7bc\" class=\"wp-block-image size-large wp-lightbox-container\"><img loading=\"lazy\" decoding=\"async\" width=\"751\" height=\"1000\" data-wp-class--hide=\"state.isContentHidden\" data-wp-class--show=\"state.isContentVisible\" data-wp-init=\"callbacks.setButtonStyles\" data-wp-on--click=\"actions.showLightbox\" data-wp-on--load=\"callbacks.setButtonStyles\" data-wp-on-window--resize=\"callbacks.setButtonStyles\" data-id=\"356\" src=\"https:\/\/fc-allsky.fr\/wp-content\/uploads\/2024\/05\/ONTC-av.jpeg\" alt=\"\" class=\"wp-image-356\" srcset=\"https:\/\/fc-allsky.fr\/wp-content\/uploads\/2024\/05\/ONTC-av.jpeg 751w, https:\/\/fc-allsky.fr\/wp-content\/uploads\/2024\/05\/ONTC-av-225x300.jpeg 225w\" sizes=\"auto, (max-width: 751px) 100vw, 751px\" \/><button\n\t\t\tclass=\"lightbox-trigger\"\n\t\t\ttype=\"button\"\n\t\t\taria-haspopup=\"dialog\"\n\t\t\taria-label=\"Agrandir\"\n\t\t\tdata-wp-init=\"callbacks.initTriggerButton\"\n\t\t\tdata-wp-on--click=\"actions.showLightbox\"\n\t\t\tdata-wp-style--right=\"state.imageButtonRight\"\n\t\t\tdata-wp-style--top=\"state.imageButtonTop\"\n\t\t>\n\t\t\t<svg xmlns=\"http:\/\/www.w3.org\/2000\/svg\" width=\"12\" height=\"12\" fill=\"none\" viewBox=\"0 0 12 12\">\n\t\t\t\t<path fill=\"#fff\" d=\"M2 0a2 2 0 0 0-2 2v2h1.5V2a.5.5 0 0 1 .5-.5h2V0H2Zm2 10.5H2a.5.5 0 0 1-.5-.5V8H0v2a2 2 0 0 0 2 2h2v-1.5ZM8 12v-1.5h2a.5.5 0 0 0 .5-.5V8H12v2a2 2 0 0 1-2 2H8Zm2-12a2 2 0 0 1 2 2v2h-1.5V2a.5.5 0 0 0-.5-.5H8V0h2Z\" \/>\n\t\t\t<\/svg>\n\t\t<\/button><\/figure>\n\n\n\n<figure data-wp-context=\"{&quot;imageId&quot;:&quot;69e1d2a06dd37&quot;}\" data-wp-interactive=\"core\/image\" data-wp-key=\"69e1d2a06dd37\" class=\"wp-block-image size-large wp-lightbox-container\"><img loading=\"lazy\" decoding=\"async\" width=\"503\" height=\"1024\" data-wp-class--hide=\"state.isContentHidden\" data-wp-class--show=\"state.isContentVisible\" data-wp-init=\"callbacks.setButtonStyles\" data-wp-on--click=\"actions.showLightbox\" data-wp-on--load=\"callbacks.setButtonStyles\" data-wp-on-window--resize=\"callbacks.setButtonStyles\" data-id=\"355\" src=\"https:\/\/fc-allsky.fr\/wp-content\/uploads\/2024\/05\/setup1-503x1024.jpg\" alt=\"\" class=\"wp-image-355\" srcset=\"https:\/\/fc-allsky.fr\/wp-content\/uploads\/2024\/05\/setup1-503x1024.jpg 503w, https:\/\/fc-allsky.fr\/wp-content\/uploads\/2024\/05\/setup1-147x300.jpg 147w, https:\/\/fc-allsky.fr\/wp-content\/uploads\/2024\/05\/setup1.jpg 609w\" sizes=\"auto, (max-width: 503px) 100vw, 503px\" \/><button\n\t\t\tclass=\"lightbox-trigger\"\n\t\t\ttype=\"button\"\n\t\t\taria-haspopup=\"dialog\"\n\t\t\taria-label=\"Agrandir\"\n\t\t\tdata-wp-init=\"callbacks.initTriggerButton\"\n\t\t\tdata-wp-on--click=\"actions.showLightbox\"\n\t\t\tdata-wp-style--right=\"state.imageButtonRight\"\n\t\t\tdata-wp-style--top=\"state.imageButtonTop\"\n\t\t>\n\t\t\t<svg xmlns=\"http:\/\/www.w3.org\/2000\/svg\" width=\"12\" height=\"12\" fill=\"none\" viewBox=\"0 0 12 12\">\n\t\t\t\t<path fill=\"#fff\" d=\"M2 0a2 2 0 0 0-2 2v2h1.5V2a.5.5 0 0 1 .5-.5h2V0H2Zm2 10.5H2a.5.5 0 0 1-.5-.5V8H0v2a2 2 0 0 0 2 2h2v-1.5ZM8 12v-1.5h2a.5.5 0 0 0 .5-.5V8H12v2a2 2 0 0 1-2 2H8Zm2-12a2 2 0 0 1 2 2v2h-1.5V2a.5.5 0 0 0-.5-.5H8V0h2Z\" \/>\n\t\t\t<\/svg>\n\t\t<\/button><\/figure>\n\n\n\n<figure data-wp-context=\"{&quot;imageId&quot;:&quot;69e1d2a06e1f0&quot;}\" data-wp-interactive=\"core\/image\" data-wp-key=\"69e1d2a06e1f0\" class=\"wp-block-image size-large wp-lightbox-container\"><img loading=\"lazy\" decoding=\"async\" width=\"1024\" height=\"820\" data-wp-class--hide=\"state.isContentHidden\" data-wp-class--show=\"state.isContentVisible\" data-wp-init=\"callbacks.setButtonStyles\" data-wp-on--click=\"actions.showLightbox\" data-wp-on--load=\"callbacks.setButtonStyles\" data-wp-on-window--resize=\"callbacks.setButtonStyles\" data-id=\"357\" src=\"https:\/\/fc-allsky.fr\/wp-content\/uploads\/2024\/05\/setup2-1024x820.jpg\" alt=\"\" class=\"wp-image-357\" srcset=\"https:\/\/fc-allsky.fr\/wp-content\/uploads\/2024\/05\/setup2-1024x820.jpg 1024w, https:\/\/fc-allsky.fr\/wp-content\/uploads\/2024\/05\/setup2-300x240.jpg 300w, https:\/\/fc-allsky.fr\/wp-content\/uploads\/2024\/05\/setup2-768x615.jpg 768w, https:\/\/fc-allsky.fr\/wp-content\/uploads\/2024\/05\/setup2.jpg 1041w\" sizes=\"auto, (max-width: 1024px) 100vw, 1024px\" \/><button\n\t\t\tclass=\"lightbox-trigger\"\n\t\t\ttype=\"button\"\n\t\t\taria-haspopup=\"dialog\"\n\t\t\taria-label=\"Agrandir\"\n\t\t\tdata-wp-init=\"callbacks.initTriggerButton\"\n\t\t\tdata-wp-on--click=\"actions.showLightbox\"\n\t\t\tdata-wp-style--right=\"state.imageButtonRight\"\n\t\t\tdata-wp-style--top=\"state.imageButtonTop\"\n\t\t>\n\t\t\t<svg xmlns=\"http:\/\/www.w3.org\/2000\/svg\" width=\"12\" height=\"12\" fill=\"none\" viewBox=\"0 0 12 12\">\n\t\t\t\t<path fill=\"#fff\" d=\"M2 0a2 2 0 0 0-2 2v2h1.5V2a.5.5 0 0 1 .5-.5h2V0H2Zm2 10.5H2a.5.5 0 0 1-.5-.5V8H0v2a2 2 0 0 0 2 2h2v-1.5ZM8 12v-1.5h2a.5.5 0 0 0 .5-.5V8H12v2a2 2 0 0 1-2 2H8Zm2-12a2 2 0 0 1 2 2v2h-1.5V2a.5.5 0 0 0-.5-.5H8V0h2Z\" \/>\n\t\t\t<\/svg>\n\t\t<\/button><\/figure>\n<\/figure>\n\n\n\n<p><\/p>\n\n\n\n<h2 class=\"wp-block-heading\">Monture<\/h2>\n\n\n\n<ul class=\"wp-block-list\">\n<li>AZEQ6 Pro GT sur pied M\u00e9tal sur-mesure (poids 30kg)<\/li>\n<\/ul>\n\n\n\n<h2 class=\"wp-block-heading\">Pilotage<\/h2>\n\n\n\n<ul class=\"wp-block-list\">\n<li>ASIAIR Plus 256Go + cl\u00e9 USB3 128Go (350Mo\/s)<\/li>\n\n\n\n<li>Robofocus EAF v2 sur support impression 3D<\/li>\n\n\n\n<li>Tout est pilot\u00e9 \u00e0 distance en Ethernet <\/li>\n\n\n\n<li>iPad 10.9&Prime; 10th Gen<\/li>\n\n\n\n<li>Cam\u00e9ra de surveillance Blink (une dans l&rsquo;abri et une \u00e0 l&rsquo;ext\u00e9rieur)<\/li>\n<\/ul>\n\n\n\n<h2 class=\"wp-block-heading\">Abri<\/h2>\n\n\n\n<p><a href=\"https:\/\/fc-allsky.fr\/index.php\/abri-astro\/\">Voir section Construction de l&rsquo;abri<\/a><\/p>\n\n\n\n<figure class=\"wp-block-gallery has-nested-images columns-default is-cropped wp-block-gallery-2 is-layout-flex wp-block-gallery-is-layout-flex\">\n<figure data-wp-context=\"{&quot;imageId&quot;:&quot;69e1d2a06ebd3&quot;}\" data-wp-interactive=\"core\/image\" data-wp-key=\"69e1d2a06ebd3\" class=\"wp-block-image size-large wp-lightbox-container\"><img loading=\"lazy\" decoding=\"async\" width=\"1024\" height=\"647\" data-wp-class--hide=\"state.isContentHidden\" data-wp-class--show=\"state.isContentVisible\" data-wp-init=\"callbacks.setButtonStyles\" data-wp-on--click=\"actions.showLightbox\" data-wp-on--load=\"callbacks.setButtonStyles\" data-wp-on-window--resize=\"callbacks.setButtonStyles\" data-id=\"365\" src=\"https:\/\/fc-allsky.fr\/wp-content\/uploads\/2024\/05\/image43-1-1024x647.jpg\" alt=\"\" class=\"wp-image-365\" srcset=\"https:\/\/fc-allsky.fr\/wp-content\/uploads\/2024\/05\/image43-1-1024x647.jpg 1024w, https:\/\/fc-allsky.fr\/wp-content\/uploads\/2024\/05\/image43-1-300x190.jpg 300w, https:\/\/fc-allsky.fr\/wp-content\/uploads\/2024\/05\/image43-1-768x485.jpg 768w, https:\/\/fc-allsky.fr\/wp-content\/uploads\/2024\/05\/image43-1-1536x970.jpg 1536w, https:\/\/fc-allsky.fr\/wp-content\/uploads\/2024\/05\/image43-1-2048x1294.jpg 2048w\" sizes=\"auto, (max-width: 1024px) 100vw, 1024px\" \/><button\n\t\t\tclass=\"lightbox-trigger\"\n\t\t\ttype=\"button\"\n\t\t\taria-haspopup=\"dialog\"\n\t\t\taria-label=\"Agrandir\"\n\t\t\tdata-wp-init=\"callbacks.initTriggerButton\"\n\t\t\tdata-wp-on--click=\"actions.showLightbox\"\n\t\t\tdata-wp-style--right=\"state.imageButtonRight\"\n\t\t\tdata-wp-style--top=\"state.imageButtonTop\"\n\t\t>\n\t\t\t<svg xmlns=\"http:\/\/www.w3.org\/2000\/svg\" width=\"12\" height=\"12\" fill=\"none\" viewBox=\"0 0 12 12\">\n\t\t\t\t<path fill=\"#fff\" d=\"M2 0a2 2 0 0 0-2 2v2h1.5V2a.5.5 0 0 1 .5-.5h2V0H2Zm2 10.5H2a.5.5 0 0 1-.5-.5V8H0v2a2 2 0 0 0 2 2h2v-1.5ZM8 12v-1.5h2a.5.5 0 0 0 .5-.5V8H12v2a2 2 0 0 1-2 2H8Zm2-12a2 2 0 0 1 2 2v2h-1.5V2a.5.5 0 0 0-.5-.5H8V0h2Z\" \/>\n\t\t\t<\/svg>\n\t\t<\/button><\/figure>\n<\/figure>\n\n\n\n<p><\/p>\n\n\n\n<h2 class=\"wp-block-heading\">Train optique<\/h2>\n\n\n\n<ul class=\"wp-block-list\">\n<li>Cam\u00e9ras ASI2600MC Pro : format APS-C 26Mpx<\/li>\n\n\n\n<li>Tiroir \u00e0 filtres ZWO V2 + 3 suppports<\/li>\n\n\n\n<li>Correcteur Televue Paracorr Type2 :  monte la focale \u00e0 930mm<\/li>\n\n\n\n<li>Filtre Optolong Clear (pour conserver le backfocus et la Mise au point entre chaque filtre)<\/li>\n\n\n\n<li>Filtre <a href=\"https:\/\/www.loisirsplaisirs.com\/optolong\/4995-filtre-l-ultimate-optolong-au-coulant-2-6971991897037.html\" target=\"_blank\" rel=\"noreferrer noopener\">Optolong L-Ultimate<\/a> : duo band Ha-OIII tr\u00e8s serr\u00e9 (3nm)<\/li>\n\n\n\n<li>Filtre <a href=\"https:\/\/www.pierro-astro.com\/materiel-astronomique\/marques\/antlia\/filtre-tri-bande-rvb-ultra-coulant-50,80mm-m48-antlia_detail\" target=\"_blank\" rel=\"noreferrer noopener\">ANTLIA Triband V2<\/a><\/li>\n\n\n\n<li>Lunette de guidage + grand champ Askar FMA180 (triplet APO + r\u00e9ducteur)<\/li>\n\n\n\n<li>Cam\u00e9ra de guidage ASI290MM<\/li>\n<\/ul>\n\n\n\n<div class=\"wp-block-columns is-layout-flex wp-container-core-columns-is-layout-9d6595d7 wp-block-columns-is-layout-flex\">\n<div class=\"wp-block-column is-layout-flow wp-block-column-is-layout-flow\" style=\"flex-basis:100%\">\n<figure class=\"wp-block-gallery has-nested-images columns-default is-cropped wp-block-gallery-3 is-layout-flex wp-block-gallery-is-layout-flex\">\n<figure class=\"wp-block-image size-large\"><img loading=\"lazy\" decoding=\"async\" width=\"1024\" height=\"725\" data-id=\"369\" src=\"https:\/\/fc-allsky.fr\/wp-content\/uploads\/2024\/05\/2600mc-1024x725.jpg\" alt=\"\" class=\"wp-image-369\" srcset=\"https:\/\/fc-allsky.fr\/wp-content\/uploads\/2024\/05\/2600mc-1024x725.jpg 1024w, https:\/\/fc-allsky.fr\/wp-content\/uploads\/2024\/05\/2600mc-300x212.jpg 300w, https:\/\/fc-allsky.fr\/wp-content\/uploads\/2024\/05\/2600mc-768x544.jpg 768w, https:\/\/fc-allsky.fr\/wp-content\/uploads\/2024\/05\/2600mc.jpg 1500w\" sizes=\"auto, (max-width: 1024px) 100vw, 1024px\" \/><figcaption class=\"wp-element-caption\">ASI533MC \u00e0 gauche et ASI2600MC \u00e0 droite<\/figcaption><\/figure>\n<\/figure>\n<\/div>\n<\/div>\n","protected":false},"excerpt":{"rendered":"<p>Tube Newton TS ONTC 200\/800 (F4) Monture Pilotage Abri Voir section Construction de l&rsquo;abri Train optique<\/p>\n","protected":false},"author":1,"featured_media":0,"parent":0,"menu_order":0,"comment_status":"closed","ping_status":"closed","template":"","meta":{"footnotes":""},"class_list":["post-49","page","type-page","status-publish","hentry","entry"],"_links":{"self":[{"href":"https:\/\/fc-allsky.fr\/index.php\/wp-json\/wp\/v2\/pages\/49","targetHints":{"allow":["GET"]}}],"collection":[{"href":"https:\/\/fc-allsky.fr\/index.php\/wp-json\/wp\/v2\/pages"}],"about":[{"href":"https:\/\/fc-allsky.fr\/index.php\/wp-json\/wp\/v2\/types\/page"}],"author":[{"embeddable":true,"href":"https:\/\/fc-allsky.fr\/index.php\/wp-json\/wp\/v2\/users\/1"}],"replies":[{"embeddable":true,"href":"https:\/\/fc-allsky.fr\/index.php\/wp-json\/wp\/v2\/comments?post=49"}],"version-history":[{"count":28,"href":"https:\/\/fc-allsky.fr\/index.php\/wp-json\/wp\/v2\/pages\/49\/revisions"}],"predecessor-version":[{"id":972,"href":"https:\/\/fc-allsky.fr\/index.php\/wp-json\/wp\/v2\/pages\/49\/revisions\/972"}],"wp:attachment":[{"href":"https:\/\/fc-allsky.fr\/index.php\/wp-json\/wp\/v2\/media?parent=49"}],"curies":[{"name":"wp","href":"https:\/\/api.w.org\/{rel}","templated":true}]}}