{"id":36,"date":"2024-05-05T16:33:07","date_gmt":"2024-05-05T14:33:07","guid":{"rendered":"https:\/\/fc-allsky.fr\/?page_id=36"},"modified":"2025-08-04T19:13:34","modified_gmt":"2025-08-04T17:13:34","slug":"accueil-allsky","status":"publish","type":"page","link":"https:\/\/fc-allsky.fr\/","title":{"rendered":"Allsky : le ciel \u00e0 180\u00b0"},"content":{"rendered":"\n<p><\/p>\n\n\n\n<p>Bienvenue sur ce site d\u00e9di\u00e9 en particulier \u00e0 l&rsquo;observation du ciel au moyen de configurations pour l&rsquo;astrophotographie du ciel profond ou d&rsquo;une simple cam\u00e9ra avec objectif fish-eye afin de surveiller le ciel. <\/p>\n\n\n\n<p>L&rsquo;observation visuelle est abord\u00e9e avec un historique sur mon exp\u00e9rience et de quelques conseils et mat\u00e9riels.<\/p>\n\n\n\n<p>Suivez les am\u00e9liorations successives du mat\u00e9riel astrophotographique depuis d\u00e9but 2021.<\/p>\n\n\n\n<p>Visitez la galerie de photos qui permet de voir l&rsquo;\u00e9volution qualitative ders d\u00e9buts \u00e0 maintenant.<\/p>\n\n\n\n<p>Suivez le ciel en direct avec la cam\u00e9ra Allsky.<br>Parcourez les Timelapse, Keogram et Startrails enregistr\u00e9s en fin de nuit.<\/p>\n\n\n\n<p>Parcourez la page pr\u00e9sentant la construction d&rsquo;un abri DIY pour t\u00e9lescope.<\/p>\n\n\n\n<div class=\"alignnormal\"><div id=\"metaslider-id-924\" style=\"width: 100%; margin: 0 auto;\" class=\"ml-slider-3-108-0 metaslider metaslider-flex metaslider-924 ml-slider has-dots-nav ms-theme-default-base\" role=\"region\" aria-label=\"Slide entr\u00e9e\" data-width=\"1000\">\n    <div id=\"metaslider_container_924\">\n        <div id=\"metaslider_924\">\n            <ul aria-live='off' class='slides'>\n                <li style=\"display: block; width: 100%;\" class=\"slide-976 ms-image \" aria-roledescription=\"slide\" data-date=\"2025-10-21 22:22:16\" data-filename=\"Comete-Lemonn-denoise-scaled-1000x668.jpg\" data-slide-type=\"image\"><img decoding=\"async\" src=\"https:\/\/fc-allsky.fr\/wp-content\/uploads\/2025\/10\/Comete-Lemonn-denoise-scaled-1000x668.jpg\" width=\"1000\" alt=\"\" class=\"slider-924 slide-976 msDefaultImage\" title=\"Com\u00e8te Lemonn denoise\" \/><div class=\"caption-wrap\"><div class=\"caption\"><div>Com\u00e8te C\/2025 A6 Lemmon 17\/10\/25<\/div><\/div><\/div><\/li>\n                <li style=\"display: none; width: 100%;\" class=\"slide-975 ms-image \" aria-roledescription=\"slide\" data-date=\"2025-10-21 22:22:16\" data-filename=\"1805_HOO-50-scaled-1000x666.jpg\" data-slide-type=\"image\"><img decoding=\"async\" src=\"https:\/\/fc-allsky.fr\/wp-content\/uploads\/2025\/10\/1805_HOO-50-scaled-1000x666.jpg\" width=\"1000\" alt=\"\" class=\"slider-924 slide-975 msDefaultImage\" title=\"1805_HOO 50%\" \/><div class=\"caption-wrap\"><div class=\"caption\"><div>IC1805 - N\u00e9buleuse du coeur en HOO<\/div><\/div><\/div><\/li>\n                <li style=\"display: none; width: 100%;\" class=\"slide-964 ms-image \" aria-roledescription=\"slide\" data-date=\"2025-10-07 17:57:22\" data-filename=\"M33_9840s-scaled-1000x666.jpg\" data-slide-type=\"image\"><img decoding=\"async\" src=\"https:\/\/fc-allsky.fr\/wp-content\/uploads\/2025\/10\/M33_9840s-scaled-1000x666.jpg\" width=\"1000\" alt=\"\" class=\"slider-924 slide-964 msDefaultImage\" title=\"M33_9840s\" \/><div class=\"caption-wrap\"><div class=\"caption\"><div>M33<\/div><\/div><\/div><\/li>\n                <li style=\"display: none; width: 100%;\" class=\"slide-965 ms-image \" aria-roledescription=\"slide\" data-date=\"2025-10-07 17:57:22\" data-filename=\"IC434_8880s-25-1000x659.jpg\" data-slide-type=\"image\"><img decoding=\"async\" src=\"https:\/\/fc-allsky.fr\/wp-content\/uploads\/2025\/10\/IC434_8880s-25-1000x659.jpg\" width=\"1000\" alt=\"\" class=\"slider-924 slide-965 msDefaultImage\" title=\"IC434_8880s 25\" \/><div class=\"caption-wrap\"><div class=\"caption\"><div>IC434<\/div><\/div><\/div><\/li>\n                <li style=\"display: none; width: 100%;\" class=\"slide-966 ms-image \" aria-roledescription=\"slide\" data-date=\"2025-10-07 17:57:22\" data-filename=\"M27-zoom-retouchee-2-1000x897.jpg\" data-slide-type=\"image\"><img decoding=\"async\" src=\"https:\/\/fc-allsky.fr\/wp-content\/uploads\/2025\/10\/M27-zoom-retouchee-2-1000x897.jpg\" width=\"1000\" alt=\"\" class=\"slider-924 slide-966 msDefaultImage\" title=\"M27 zoom retouch\u00e9e 2\" \/><div class=\"caption-wrap\"><div class=\"caption\"><div>M27 en HOO<\/div><\/div><\/div><\/li>\n                <li style=\"display: none; width: 100%;\" class=\"slide-925 ms-image \" aria-roledescription=\"slide\" data-date=\"2025-08-04 19:09:32\" data-filename=\"SH2-136_7800s-1-scaled-1000x658.jpg\" data-slide-type=\"image\"><img decoding=\"async\" src=\"https:\/\/fc-allsky.fr\/wp-content\/uploads\/2025\/06\/SH2-136_7800s-1-scaled-1000x658.jpg\" width=\"1000\" alt=\"\" class=\"slider-924 slide-925 msDefaultImage\" title=\"SH2 136_7800s\" \/><div class=\"caption-wrap\"><div class=\"caption\"><div>N\u00e9buleuse du fant\u00f4me<\/div><\/div><\/div><\/li>\n                <li style=\"display: none; width: 100%;\" class=\"slide-926 ms-image \" aria-roledescription=\"slide\" data-date=\"2025-08-04 19:09:32\" data-filename=\"M45-7200s-v2-WA-scaled-1000x660.jpg\" data-slide-type=\"image\"><img decoding=\"async\" src=\"https:\/\/fc-allsky.fr\/wp-content\/uploads\/2025\/03\/M45-7200s-v2-WA-scaled-1000x660.jpg\" width=\"1000\" alt=\"\" class=\"slider-924 slide-926 msDefaultImage\" title=\"M45 - 7200s v2 WA\" \/><div class=\"caption-wrap\"><div class=\"caption\"><div>M45 - Les Pl\u00e9iades<\/div><\/div><\/div><\/li>\n                <li style=\"display: none; width: 100%;\" class=\"slide-927 ms-image \" aria-roledescription=\"slide\" data-date=\"2025-08-04 19:09:32\" data-filename=\"M81-82_6000s-scaled-1000x662.jpg\" data-slide-type=\"image\"><img decoding=\"async\" src=\"https:\/\/fc-allsky.fr\/wp-content\/uploads\/2025\/03\/M81-82_6000s-scaled-1000x662.jpg\" width=\"1000\" alt=\"\" class=\"slider-924 slide-927 msDefaultImage\" title=\"M81-82_6000s\" \/><div class=\"caption-wrap\"><div class=\"caption\"><div>M81 et M82<\/div><\/div><\/div><\/li>\n                <li style=\"display: none; width: 100%;\" class=\"slide-928 ms-image \" aria-roledescription=\"slide\" data-date=\"2025-08-04 19:09:32\" data-filename=\"Comete-Tsuchinshan-1-scaled-1000x659.jpg\" data-slide-type=\"image\"><img decoding=\"async\" src=\"https:\/\/fc-allsky.fr\/wp-content\/uploads\/2024\/11\/Comete-Tsuchinshan-1-scaled-1000x659.jpg\" width=\"1000\" alt=\"\" class=\"slider-924 slide-928 msDefaultImage\" title=\"Comete Tsuchinshan\" \/><div class=\"caption-wrap\"><div class=\"caption\"><div>Com\u00e8te Tsuchinshan-ATLAS (C\/2023 A3) - Octobre 2024<\/div><\/div><\/div><\/li>\n                <li style=\"display: none; width: 100%;\" class=\"slide-929 ms-image \" aria-roledescription=\"slide\" data-date=\"2025-08-04 19:09:32\" data-filename=\"IC1396-SHO-1-scaled-1000x661.jpg\" data-slide-type=\"image\"><img decoding=\"async\" src=\"https:\/\/fc-allsky.fr\/wp-content\/uploads\/2024\/08\/IC1396-SHO-1-scaled-1000x661.jpg\" width=\"1000\" alt=\"\" class=\"slider-924 slide-929 msDefaultImage\" title=\"IC1396 SHO\" \/><div class=\"caption-wrap\"><div class=\"caption\"><div>IC1396 en SHO<\/div><\/div><\/div><\/li>\n                <li style=\"display: none; width: 100%;\" class=\"slide-930 ms-image \" aria-roledescription=\"slide\" data-date=\"2025-08-04 19:09:32\" data-filename=\"NGC7000-SHO-scaled-1000x664.jpg\" data-slide-type=\"image\"><img decoding=\"async\" src=\"https:\/\/fc-allsky.fr\/wp-content\/uploads\/2024\/07\/NGC7000-SHO-scaled-1000x664.jpg\" width=\"1000\" alt=\"\" class=\"slider-924 slide-930 msDefaultImage\" title=\"NGC7000-SHO\" \/><div class=\"caption-wrap\"><div class=\"caption\"><div>R\u00e9gion NGC7000 en SHO<\/div><\/div><\/div><\/li>\n            <\/ul>\n        <\/div>\n        \n    <\/div>\n<\/div><\/div>\n\n\n\n<p><\/p>\n","protected":false},"excerpt":{"rendered":"<p>Bienvenue sur ce site d\u00e9di\u00e9 en particulier \u00e0 l&rsquo;observation du ciel au moyen de configurations pour l&rsquo;astrophotographie du ciel profond ou d&rsquo;une simple cam\u00e9ra avec objectif fish-eye afin de surveiller le ciel. L&rsquo;observation visuelle est abord\u00e9e avec un historique sur mon exp\u00e9rience et de quelques conseils et mat\u00e9riels. Suivez les am\u00e9liorations successives du mat\u00e9riel astrophotographique [&hellip;]<\/p>\n","protected":false},"author":1,"featured_media":0,"parent":0,"menu_order":0,"comment_status":"closed","ping_status":"closed","template":"","meta":{"footnotes":""},"class_list":["post-36","page","type-page","status-publish","hentry","entry"],"_links":{"self":[{"href":"https:\/\/fc-allsky.fr\/index.php\/wp-json\/wp\/v2\/pages\/36","targetHints":{"allow":["GET"]}}],"collection":[{"href":"https:\/\/fc-allsky.fr\/index.php\/wp-json\/wp\/v2\/pages"}],"about":[{"href":"https:\/\/fc-allsky.fr\/index.php\/wp-json\/wp\/v2\/types\/page"}],"author":[{"embeddable":true,"href":"https:\/\/fc-allsky.fr\/index.php\/wp-json\/wp\/v2\/users\/1"}],"replies":[{"embeddable":true,"href":"https:\/\/fc-allsky.fr\/index.php\/wp-json\/wp\/v2\/comments?post=36"}],"version-history":[{"count":22,"href":"https:\/\/fc-allsky.fr\/index.php\/wp-json\/wp\/v2\/pages\/36\/revisions"}],"predecessor-version":[{"id":931,"href":"https:\/\/fc-allsky.fr\/index.php\/wp-json\/wp\/v2\/pages\/36\/revisions\/931"}],"wp:attachment":[{"href":"https:\/\/fc-allsky.fr\/index.php\/wp-json\/wp\/v2\/media?parent=36"}],"curies":[{"name":"wp","href":"https:\/\/api.w.org\/{rel}","templated":true}]}}